{"id":86,"date":"2025-05-20T07:24:45","date_gmt":"2025-05-20T07:24:45","guid":{"rendered":"http:\/\/thietbido.org\/?page_id=86"},"modified":"2025-06-09T09:47:35","modified_gmt":"2025-06-09T09:47:35","slug":"trang-chu","status":"publish","type":"page","link":"https:\/\/thietbido.org\/","title":{"rendered":"Trang ch\u1ee7"},"content":{"rendered":"<div class=\"row\"  id=\"row-1430733042\">\n\n\n\t<div id=\"col-479625285\" class=\"col medium-2 small-6 large-2\"  >\n\t\t\t\t<div class=\"col-inner\"  >\n\t\t\t\n\t\t\t\n\n\n  \n    <div class=\"row large-columns-1 medium-columns- small-columns- row-small slider row-slider slider-nav-reveal slider-nav-push\"  data-flickity-options='{\"imagesLoaded\": true, \"groupCells\": \"100%\", \"dragThreshold\" : 5, \"cellAlign\": \"left\",\"wrapAround\": true,\"prevNextButtons\": true,\"percentPosition\": true,\"pageDots\": false, \"rightToLeft\": false, \"autoPlay\" : false}'>\n\n  <div class=\"product-category col\" >\n            <div class=\"col-inner\">\n              <a aria-label=\"Truy c\u1eadp danh m\u1ee5c s\u1ea3n ph\u1ea9m Camera \u0111o nhi\u1ec7t \u0111\u1ed9\" href=\"https:\/\/thietbido.org\/?product_cat=camera-do-nhiet-do\">                <div class=\"box box-category has-hover box-normal \">\n                <div class=\"box-image\" >\n                  <div class=\"\" >\n                  <img loading=\"lazy\" decoding=\"async\" src=\"https:\/\/thietbido.org\/wp-content\/uploads\/2025\/05\/UTi730E-300x300.png\" alt=\"Camera \u0111o nhi\u1ec7t \u0111\u1ed9\" width=\"300\" height=\"300\" \/>                                                      <\/div>\n                <\/div>\n                <div class=\"box-text text-center\" >\n                  <div class=\"box-text-inner\">\n                      <h5 class=\"uppercase header-title\">\n                              Camera \u0111o nhi\u1ec7t \u0111\u1ed9                      <\/h5>\n                                            <p class=\"is-xsmall uppercase count \">\n\t                      1 S\u1ea3n ph\u1ea9m                      <\/p>\n                                            \n                  <\/div>\n                <\/div>\n                <\/div>\n            <\/a>            <\/div>\n            <\/div><div class=\"product-category col\" >\n            <div class=\"col-inner\">\n              <a aria-label=\"Truy c\u1eadp danh m\u1ee5c s\u1ea3n ph\u1ea9m M\u00e1y \u0111o gi\u00f3\" href=\"https:\/\/thietbido.org\/?product_cat=may-do-gio\">                <div class=\"box box-category has-hover box-normal \">\n                <div class=\"box-image\" >\n                  <div class=\"\" >\n                  <img loading=\"lazy\" decoding=\"async\" src=\"https:\/\/thietbido.org\/wp-content\/uploads\/woocommerce-placeholder-300x300.png\" alt=\"M\u00e1y \u0111o gi\u00f3\" width=\"300\" height=\"300\" \/>                                                      <\/div>\n                <\/div>\n                <div class=\"box-text text-center\" >\n                  <div class=\"box-text-inner\">\n                      <h5 class=\"uppercase header-title\">\n                              M\u00e1y \u0111o gi\u00f3                      <\/h5>\n                                            <p class=\"is-xsmall uppercase count \">\n\t                      1 S\u1ea3n ph\u1ea9m                      <\/p>\n                                            \n                  <\/div>\n                <\/div>\n                <\/div>\n            <\/a>            <\/div>\n            <\/div><div class=\"product-category col\" >\n            <div class=\"col-inner\">\n              <a aria-label=\"Truy c\u1eadp danh m\u1ee5c s\u1ea3n ph\u1ea9m S\u00fang \u0111o nhi\u1ec7t \u0111\u1ed9\" href=\"https:\/\/thietbido.org\/?product_cat=sung-do-nhiet-do\">                <div class=\"box box-category has-hover box-normal \">\n                <div class=\"box-image\" >\n                  <div class=\"\" >\n                  <img loading=\"lazy\" decoding=\"async\" src=\"https:\/\/thietbido.org\/wp-content\/uploads\/2025\/05\/fluke-59max-300x300.png\" alt=\"S\u00fang \u0111o nhi\u1ec7t \u0111\u1ed9\" width=\"300\" height=\"300\" \/>                                                      <\/div>\n                <\/div>\n                <div class=\"box-text text-center\" >\n                  <div class=\"box-text-inner\">\n                      <h5 class=\"uppercase header-title\">\n                              S\u00fang \u0111o nhi\u1ec7t \u0111\u1ed9                      <\/h5>\n                                            <p class=\"is-xsmall uppercase count \">\n\t                      1 S\u1ea3n ph\u1ea9m                      <\/p>\n                                            \n                  <\/div>\n                <\/div>\n                <\/div>\n            <\/a>            <\/div>\n            <\/div><\/div>\n\n\n\t\t<\/div>\n\t\t\t\t\t<\/div>\n\n\t\n\n\t<div id=\"col-505283282\" class=\"col medium-2 small-6 large-2\"  >\n\t\t\t\t<div class=\"col-inner\"  >\n\t\t\t\n\t\t\t\n\n\n  \n    <div class=\"row large-columns-1 medium-columns- small-columns- row-small slider row-slider slider-nav-reveal slider-nav-push\"  data-flickity-options='{\"imagesLoaded\": true, \"groupCells\": \"100%\", \"dragThreshold\" : 5, \"cellAlign\": \"left\",\"wrapAround\": true,\"prevNextButtons\": true,\"percentPosition\": true,\"pageDots\": false, \"rightToLeft\": false, \"autoPlay\" : false}'>\n\n  <div class=\"product-category col\" >\n            <div class=\"col-inner\">\n              <a aria-label=\"Truy c\u1eadp danh m\u1ee5c s\u1ea3n ph\u1ea9m S\u00fang \u0111o nhi\u1ec7t \u0111\u1ed9\" href=\"https:\/\/thietbido.org\/?product_cat=sung-do-nhiet-do\">                <div class=\"box box-category has-hover box-normal \">\n                <div class=\"box-image\" >\n                  <div class=\"\" >\n                  <img loading=\"lazy\" decoding=\"async\" src=\"https:\/\/thietbido.org\/wp-content\/uploads\/2025\/05\/fluke-59max-300x300.png\" alt=\"S\u00fang \u0111o nhi\u1ec7t \u0111\u1ed9\" width=\"300\" height=\"300\" \/>                                                      <\/div>\n                <\/div>\n                <div class=\"box-text text-center\" >\n                  <div class=\"box-text-inner\">\n                      <h5 class=\"uppercase header-title\">\n                              S\u00fang \u0111o nhi\u1ec7t \u0111\u1ed9                      <\/h5>\n                                            <p class=\"is-xsmall uppercase count \">\n\t                      1 S\u1ea3n ph\u1ea9m                      <\/p>\n                                            \n                  <\/div>\n                <\/div>\n                <\/div>\n            <\/a>            <\/div>\n            <\/div><\/div>\n\n\n\t\t<\/div>\n\t\t\t\t\t<\/div>\n\n\t\n\n\t<div id=\"col-763197754\" class=\"col medium-2 small-6 large-2\"  >\n\t\t\t\t<div class=\"col-inner\"  >\n\t\t\t\n\t\t\t\n\n\n  \n    <div class=\"row large-columns-1 medium-columns- small-columns- row-small slider row-slider slider-nav-reveal slider-nav-push\"  data-flickity-options='{\"imagesLoaded\": true, \"groupCells\": \"100%\", \"dragThreshold\" : 5, \"cellAlign\": \"left\",\"wrapAround\": true,\"prevNextButtons\": true,\"percentPosition\": true,\"pageDots\": false, \"rightToLeft\": false, \"autoPlay\" : false}'>\n\n  <div class=\"product-category col\" >\n            <div class=\"col-inner\">\n              <a aria-label=\"Truy c\u1eadp danh m\u1ee5c s\u1ea3n ph\u1ea9m M\u00e1y \u0111o gi\u00f3\" href=\"https:\/\/thietbido.org\/?product_cat=may-do-gio\">                <div class=\"box box-category has-hover box-default \">\n                <div class=\"box-image\" >\n                  <div class=\"\" >\n                  <img loading=\"lazy\" decoding=\"async\" src=\"https:\/\/thietbido.org\/wp-content\/uploads\/woocommerce-placeholder-300x300.png\" alt=\"M\u00e1y \u0111o gi\u00f3\" width=\"300\" height=\"300\" \/>                                                      <\/div>\n                <\/div>\n                <div class=\"box-text text-center\" >\n                  <div class=\"box-text-inner\">\n                      <h5 class=\"uppercase header-title\">\n                              M\u00e1y \u0111o gi\u00f3                      <\/h5>\n                                            <p class=\"is-xsmall uppercase count \">\n\t                      1 S\u1ea3n ph\u1ea9m                      <\/p>\n                                            \n                  <\/div>\n                <\/div>\n                <\/div>\n            <\/a>            <\/div>\n            <\/div><\/div>\n\n\n\t\t<\/div>\n\t\t\t\t\t<\/div>\n\n\t\n\n\t<div id=\"col-404502598\" class=\"col medium-2 small-6 large-2\"  >\n\t\t\t\t<div class=\"col-inner\"  >\n\t\t\t\n\t\t\t\n\n\n\t\t<\/div>\n\t\t\t\t\t<\/div>\n\n\t\n\n\t<div id=\"col-1525392811\" class=\"col medium-2 small-12 large-2\"  >\n\t\t\t\t<div class=\"col-inner\"  >\n\t\t\t\n\t\t\t\n\n\n\t\t<\/div>\n\t\t\t\t\t<\/div>\n\n\t\n\n\t<div id=\"col-1384349078\" class=\"col medium-2 small-12 large-2\"  >\n\t\t\t\t<div class=\"col-inner\"  >\n\t\t\t\n\t\t\t\n\n\n\t\t<\/div>\n\t\t\t\t\t<\/div>\n\n\t\n\n<\/div>","protected":false},"excerpt":{"rendered":"","protected":false},"author":1,"featured_media":0,"parent":0,"menu_order":0,"comment_status":"closed","ping_status":"closed","template":"","meta":{"footnotes":""},"class_list":["post-86","page","type-page","status-publish","hentry"],"jetpack_sharing_enabled":true,"_links":{"self":[{"href":"https:\/\/thietbido.org\/index.php?rest_route=\/wp\/v2\/pages\/86","targetHints":{"allow":["GET"]}}],"collection":[{"href":"https:\/\/thietbido.org\/index.php?rest_route=\/wp\/v2\/pages"}],"about":[{"href":"https:\/\/thietbido.org\/index.php?rest_route=\/wp\/v2\/types\/page"}],"author":[{"embeddable":true,"href":"https:\/\/thietbido.org\/index.php?rest_route=\/wp\/v2\/users\/1"}],"replies":[{"embeddable":true,"href":"https:\/\/thietbido.org\/index.php?rest_route=%2Fwp%2Fv2%2Fcomments&post=86"}],"version-history":[{"count":9,"href":"https:\/\/thietbido.org\/index.php?rest_route=\/wp\/v2\/pages\/86\/revisions"}],"predecessor-version":[{"id":143,"href":"https:\/\/thietbido.org\/index.php?rest_route=\/wp\/v2\/pages\/86\/revisions\/143"}],"wp:attachment":[{"href":"https:\/\/thietbido.org\/index.php?rest_route=%2Fwp%2Fv2%2Fmedia&parent=86"}],"curies":[{"name":"wp","href":"https:\/\/api.w.org\/{rel}","templated":true}]}}